{"id":1104,"date":"2025-05-19T13:00:33","date_gmt":"2025-05-19T11:00:33","guid":{"rendered":"https:\/\/itper-inspiracje.pl\/premium-service\/?page_id=1104"},"modified":"2025-06-25T16:53:09","modified_gmt":"2025-06-25T14:53:09","slug":"polityka-prywatnosci","status":"publish","type":"page","link":"https:\/\/itper-inspiracje.pl\/premium-service\/polityka-prywatnosci\/","title":{"rendered":"Polityka Prywatno\u015bci"},"content":{"rendered":"\t\t<div data-elementor-type=\"wp-page\" data-elementor-id=\"1104\" class=\"elementor elementor-1104\" data-elementor-post-type=\"page\">\n\t\t\t\t<div class=\"elementor-element elementor-element-706c736 e-flex e-con-boxed e-con e-parent\" data-id=\"706c736\" data-element_type=\"container\" data-settings=\"{&quot;background_background&quot;:&quot;classic&quot;}\">\n\t\t\t\t\t<div class=\"e-con-inner\">\n\t\t<div class=\"elementor-element elementor-element-2f455e7 e-con-full e-flex e-con e-child\" data-id=\"2f455e7\" data-element_type=\"container\">\n\t\t\t\t<div class=\"elementor-element elementor-element-4eb34e2 header-own-page elementor-widget elementor-widget-heading\" data-id=\"4eb34e2\" data-element_type=\"widget\" data-widget_type=\"heading.default\">\n\t\t\t\t<div class=\"elementor-widget-container\">\n\t\t\t\t\t<h1 class=\"elementor-heading-title elementor-size-default\">Polityka Prywatno\u015bci [NAZWA FIRMY]<\/h1>\t\t\t\t<\/div>\n\t\t\t\t<\/div>\n\t\t\t\t<\/div>\n\t\t\t\t\t<\/div>\n\t\t\t\t<\/div>\n\t\t<div class=\"elementor-element elementor-element-0d08e1a e-flex e-con-boxed e-con e-parent\" data-id=\"0d08e1a\" data-element_type=\"container\">\n\t\t\t\t\t<div class=\"e-con-inner\">\n\t\t<div class=\"elementor-element elementor-element-8579f85 e-con-full e-flex e-con e-child\" data-id=\"8579f85\" data-element_type=\"container\">\n\t\t\t\t<div class=\"elementor-element elementor-element-b34e1c7 elementor-widget elementor-widget-text-editor\" data-id=\"b34e1c7\" data-element_type=\"widget\" data-widget_type=\"text-editor.default\">\n\t\t\t\t<div class=\"elementor-widget-container\">\n\t\t\t\t\t\t\t\t\t<p>[TRE\u015a\u0106 POLITYKI PRYWATNO\u015aCI]<\/p>\t\t\t\t\t\t\t\t<\/div>\n\t\t\t\t<\/div>\n\t\t\t\t<\/div>\n\t\t\t\t\t<\/div>\n\t\t\t\t<\/div>\n\t\t\t\t<\/div>\n\t\t","protected":false},"excerpt":{"rendered":"<p>Polityka Prywatno\u015bci [NAZWA FIRMY] [TRE\u015a\u0106 POLITYKI PRYWATNO\u015aCI]<\/p>\n","protected":false},"author":1,"featured_media":0,"parent":0,"menu_order":0,"comment_status":"closed","ping_status":"closed","template":"","meta":{"footnotes":""},"class_list":["post-1104","page","type-page","status-publish","hentry"],"_links":{"self":[{"href":"https:\/\/itper-inspiracje.pl\/premium-service\/wp-json\/wp\/v2\/pages\/1104","targetHints":{"allow":["GET"]}}],"collection":[{"href":"https:\/\/itper-inspiracje.pl\/premium-service\/wp-json\/wp\/v2\/pages"}],"about":[{"href":"https:\/\/itper-inspiracje.pl\/premium-service\/wp-json\/wp\/v2\/types\/page"}],"author":[{"embeddable":true,"href":"https:\/\/itper-inspiracje.pl\/premium-service\/wp-json\/wp\/v2\/users\/1"}],"replies":[{"embeddable":true,"href":"https:\/\/itper-inspiracje.pl\/premium-service\/wp-json\/wp\/v2\/comments?post=1104"}],"version-history":[{"count":10,"href":"https:\/\/itper-inspiracje.pl\/premium-service\/wp-json\/wp\/v2\/pages\/1104\/revisions"}],"predecessor-version":[{"id":1641,"href":"https:\/\/itper-inspiracje.pl\/premium-service\/wp-json\/wp\/v2\/pages\/1104\/revisions\/1641"}],"wp:attachment":[{"href":"https:\/\/itper-inspiracje.pl\/premium-service\/wp-json\/wp\/v2\/media?parent=1104"}],"curies":[{"name":"wp","href":"https:\/\/api.w.org\/{rel}","templated":true}]}}